{"id":9,"date":"2015-08-18T14:10:50","date_gmt":"2015-08-18T14:10:50","guid":{"rendered":"http:\/\/www.batatadoce.pt\/?page_id=6"},"modified":"2017-03-20T10:27:20","modified_gmt":"2017-03-20T10:27:20","slug":"encomendas","status":"publish","type":"page","link":"https:\/\/batatadoce.pt\/wp\/?page_id=9","title":{"rendered":"Encomendas"},"content":{"rendered":"<p>Informamos que a batata-doce produzida no ano de 2015 chegou ao fim.<\/p>\n<p style=\"text-align: justify;\">Aproveitamos para agradecer toda a confian\u00e7a que nos foi fundamental neste primeiro ano de produ\u00e7\u00e3o em &#8220;Modo Biol\u00f3gico&#8221;.<br \/>\nAnunciamos desde j\u00e1 tamb\u00e9m a pr\u00f3xima campanha, que conta com a produ\u00e7\u00e3o de 10 hectares de Batata-doce da variedade &#8220;Lira&#8221; e mais 2 hectares da variedade &#8220;Laranja&#8221;.<\/p>\n<p style=\"text-align: justify;\">A distribui\u00e7\u00e3o da nova campanha tem o in\u00edcio programado entre os dias 15 de Julho e 01 de Agosto.<\/p>\n<p>Entregamos semanalmente na regi\u00e3o de Lisboa&#8230;<\/p>\n<script type=\"text\/javascript\"> jQuery(document).ready(function() { jQuery(\"#ffs-tabbed-1\").easyResponsiveTabs({     type: \t\"accordion\",     width:  \"100%\",     fit: \t false}); var cont_width = jQuery(\"#ffs-tabbed-1.resp-vtabs\").outerWidth() - jQuery(\"#ffs-tabbed-1.resp-vtabs .resp-tabs-list\").outerWidth() - 3;jQuery(\"#ffs-tabbed-1.resp-vtabs .resp-tabs-container\").css({\"width\":cont_width});}); <\/script><style type=\"text\/css\">\n#ffs-tabbed-1 li.resp-tab-active,\n#ffs-tabbed-1.resp-tabs-list li:hover{border-top-color:#71AFFF; border-bottom-color:#71AFFF;}\n#ffs-tabbed-1.resp-vtabs li.resp-tab-active,\n#ffs-tabbed-1.resp-vtabs .resp-tabs-list li:hover{border-left-color:#71AFFF; border-top-color:#C1C1C1; border-right-color:#71AFFF;  border-bottom-color:#C1C1C1;}\n#ffs-tabbed-1.ffs-tabbed-nav h2.resp-accordion.resp-tab-active {background:none repeat scroll 0 0 #71AFFF !important;}\n<\/style><div id=\"ffs-tabbed-1\" class=\"ffs-tabbed-nav\"><ul class=\"resp-tabs-list\" data-closed=\"closed\"><li>Caixa de 6 kg<\/li><li>Caixa de 12kg<\/li><li>Caixa de 24kg<\/li><\/ul><div class=\"resp-tabs-container\">\n<div class=\"fruitful_tab tab-caixa-de-6-kg\"> Caixa de 6kg de Batata-doce biol\u00f3gica (variedade Lyra ou Laranja) &#8211; pre\u00e7o sob consulta <\/div>\n<div class=\"fruitful_tab tab-caixa-de-12kg\"> Caixa de 12kg de Batata-doce biol\u00f3gica (variedade Lyra\u00a0ou Laranja) &#8211; pre\u00e7o sob consulta <\/div>\n<div class=\"fruitful_tab tab-caixa-de-24kg\"> Caixa de 24kg de Batata-doce biol\u00f3gica (variedade Lyraou Laranja) &#8211; pre\u00e7o sob consulta <\/div>\n<\/div><\/div><div class=\"clearfix\"><\/div>\n<h3>Contacte-nos pelo telefone: 91 677\u00a008 99 ou fa\u00e7a aqui a sua encomenda&#8230;<\/h3>\n<div role=\"form\" class=\"wpcf7\" id=\"wpcf7-f181-o1\" lang=\"pt-PT\" dir=\"ltr\">\n<div class=\"screen-reader-response\"><\/div>\n<form action=\"\/wp\/index.php?rest_route=%2Fwp%2Fv2%2Fpages%2F9#wpcf7-f181-o1\" method=\"post\" class=\"wpcf7-form\" novalidate=\"novalidate\">\n<div style=\"display: none;\">\n<input type=\"hidden\" name=\"_wpcf7\" value=\"181\" \/>\n<input type=\"hidden\" name=\"_wpcf7_version\" value=\"4.6.1\" \/>\n<input type=\"hidden\" name=\"_wpcf7_locale\" value=\"pt_PT\" \/>\n<input type=\"hidden\" name=\"_wpcf7_unit_tag\" value=\"wpcf7-f181-o1\" \/>\n<input type=\"hidden\" name=\"_wpnonce\" value=\"754788de35\" \/>\n<\/div>\n<p><label> O seu nome (obrigat\u00f3rio)<br \/>\n    <span class=\"wpcf7-form-control-wrap your-name\"><input type=\"text\" name=\"your-name\" value=\"\" size=\"40\" class=\"wpcf7-form-control wpcf7-text wpcf7-validates-as-required\" aria-required=\"true\" aria-invalid=\"false\" \/><\/span> <\/label><\/p>\n<p><label> O seu email (obrigat\u00f3rio)<br \/>\n    <span class=\"wpcf7-form-control-wrap your-email\"><input type=\"email\" name=\"your-email\" value=\"\" size=\"40\" class=\"wpcf7-form-control wpcf7-text wpcf7-email wpcf7-validates-as-required wpcf7-validates-as-email\" aria-required=\"true\" aria-invalid=\"false\" \/><\/span> <\/label><\/p>\n<p><label> Assunto<br \/>\n    <span class=\"wpcf7-form-control-wrap your-subject\"><input type=\"text\" name=\"your-subject\" value=\"\" size=\"40\" class=\"wpcf7-form-control wpcf7-text\" aria-invalid=\"false\" \/><\/span> <\/label><\/p>\n<p><label> A sua mensagem<br \/>\n    <span class=\"wpcf7-form-control-wrap your-message\"><textarea name=\"your-message\" cols=\"40\" rows=\"10\" class=\"wpcf7-form-control wpcf7-textarea\" aria-invalid=\"false\"><\/textarea><\/span> <\/label><\/p>\n<p><input type=\"submit\" value=\"Enviar\" class=\"wpcf7-form-control wpcf7-submit\" \/><\/p>\n<div class=\"wpcf7-response-output wpcf7-display-none\"><\/div><\/form><\/div>\n<p>&nbsp;<\/p>\n<p><img loading=\"lazy\" decoding=\"async\" class=\"alignnone size-medium wp-image-80\" src=\"http:\/\/batatadoce.pt\/wp\/wp-content\/uploads\/2016\/02\/logo-site-300x585-batatadoce-300x58.png\" alt=\"logo site 300x58,5- batatadoce\" width=\"300\" height=\"58\" \/><\/p>\n","protected":false},"excerpt":{"rendered":"<p>Informamos que a batata-doce produzida no ano de 2015 chegou ao fim. Aproveitamos para agradecer toda a confian\u00e7a que nos foi fundamental neste primeiro ano de produ\u00e7\u00e3o em &#8220;Modo Biol\u00f3gico&#8221;. Anunciamos desde j\u00e1 tamb\u00e9m a pr\u00f3xima campanha, que conta com a produ\u00e7\u00e3o de 10 hectares de Batata-doce da variedade &#8220;Lira&#8221; e mais 2 hectares da [&hellip;]<\/p>\n","protected":false},"author":2,"featured_media":0,"parent":0,"menu_order":0,"comment_status":"open","ping_status":"open","template":"","meta":{"footnotes":""},"class_list":["post-9","page","type-page","status-publish","hentry"],"_links":{"self":[{"href":"https:\/\/batatadoce.pt\/wp\/index.php?rest_route=\/wp\/v2\/pages\/9","targetHints":{"allow":["GET"]}}],"collection":[{"href":"https:\/\/batatadoce.pt\/wp\/index.php?rest_route=\/wp\/v2\/pages"}],"about":[{"href":"https:\/\/batatadoce.pt\/wp\/index.php?rest_route=\/wp\/v2\/types\/page"}],"author":[{"embeddable":true,"href":"https:\/\/batatadoce.pt\/wp\/index.php?rest_route=\/wp\/v2\/users\/2"}],"replies":[{"embeddable":true,"href":"https:\/\/batatadoce.pt\/wp\/index.php?rest_route=%2Fwp%2Fv2%2Fcomments&post=9"}],"version-history":[{"count":3,"href":"https:\/\/batatadoce.pt\/wp\/index.php?rest_route=\/wp\/v2\/pages\/9\/revisions"}],"predecessor-version":[{"id":214,"href":"https:\/\/batatadoce.pt\/wp\/index.php?rest_route=\/wp\/v2\/pages\/9\/revisions\/214"}],"wp:attachment":[{"href":"https:\/\/batatadoce.pt\/wp\/index.php?rest_route=%2Fwp%2Fv2%2Fmedia&parent=9"}],"curies":[{"name":"wp","href":"https:\/\/api.w.org\/{rel}","templated":true}]}}