{"id":8,"date":"2015-08-18T14:08:12","date_gmt":"2015-08-18T14:08:12","guid":{"rendered":"http:\/\/www.batatadoce.pt\/?page_id=4"},"modified":"2017-10-03T17:35:18","modified_gmt":"2017-10-03T17:35:18","slug":"blog","status":"publish","type":"page","link":"https:\/\/batatadoce.pt\/wp\/?page_id=8","title":{"rendered":"Blog"},"content":{"rendered":"<p>A batata-doce \u00e9 uma excelente fonte energ\u00e9tica, entre outros \u00e9 constitu\u00edda por carboidratos saud\u00e1veis, prote\u00ednas, c\u00e1lcio, ferro e uma boa quantidade de vitamina A.<\/p>\n<p>Na culin\u00e1ria, s\u00e3o v\u00e1rias as receitas que utilizam a praticidade e o paladar agrad\u00e1vel da batata-doce. S\u00e3o diversas as modalidades, que v\u00e3o desde sopas at\u00e9 aos p\u00e3es. Por\u00e9m aqui, vamos nos limitar a tr\u00eas dicas b\u00e1sicas para esta deliciosa raiz.<\/p>\n<p>Conhe\u00e7a algumas maneiras para preparar a Batata-doce!<\/p>\n<p><img loading=\"lazy\" decoding=\"async\" class=\" wp-image-234 aligncenter\" src=\"https:\/\/batatadoce.pt\/wp\/wp-content\/uploads\/2015\/08\/batatadocecaixa.jpg\" alt=\"\" width=\"387\" height=\"226\" \/><\/p>\n<p>&nbsp;<\/p>\n<p>&nbsp;<\/p>\n","protected":false},"excerpt":{"rendered":"<p>A batata-doce \u00e9 uma excelente fonte energ\u00e9tica, entre outros \u00e9 constitu\u00edda por carboidratos saud\u00e1veis, prote\u00ednas, c\u00e1lcio, ferro e uma boa quantidade de vitamina A. Na culin\u00e1ria, s\u00e3o v\u00e1rias as receitas que utilizam a praticidade e o paladar agrad\u00e1vel da batata-doce. S\u00e3o diversas as modalidades, que v\u00e3o desde sopas at\u00e9 aos p\u00e3es. Por\u00e9m aqui, vamos nos [&hellip;]<\/p>\n","protected":false},"author":2,"featured_media":0,"parent":0,"menu_order":0,"comment_status":"closed","ping_status":"closed","template":"","meta":{"footnotes":""},"class_list":["post-8","page","type-page","status-publish","hentry"],"_links":{"self":[{"href":"https:\/\/batatadoce.pt\/wp\/index.php?rest_route=\/wp\/v2\/pages\/8","targetHints":{"allow":["GET"]}}],"collection":[{"href":"https:\/\/batatadoce.pt\/wp\/index.php?rest_route=\/wp\/v2\/pages"}],"about":[{"href":"https:\/\/batatadoce.pt\/wp\/index.php?rest_route=\/wp\/v2\/types\/page"}],"author":[{"embeddable":true,"href":"https:\/\/batatadoce.pt\/wp\/index.php?rest_route=\/wp\/v2\/users\/2"}],"replies":[{"embeddable":true,"href":"https:\/\/batatadoce.pt\/wp\/index.php?rest_route=%2Fwp%2Fv2%2Fcomments&post=8"}],"version-history":[{"count":4,"href":"https:\/\/batatadoce.pt\/wp\/index.php?rest_route=\/wp\/v2\/pages\/8\/revisions"}],"predecessor-version":[{"id":236,"href":"https:\/\/batatadoce.pt\/wp\/index.php?rest_route=\/wp\/v2\/pages\/8\/revisions\/236"}],"wp:attachment":[{"href":"https:\/\/batatadoce.pt\/wp\/index.php?rest_route=%2Fwp%2Fv2%2Fmedia&parent=8"}],"curies":[{"name":"wp","href":"https:\/\/api.w.org\/{rel}","templated":true}]}}