{"id":72,"date":"2015-08-18T23:25:16","date_gmt":"2015-08-18T23:25:16","guid":{"rendered":"http:\/\/www.batatadoce.pt\/?page_id=72"},"modified":"2017-10-03T14:29:00","modified_gmt":"2017-10-03T14:29:00","slug":"quem-somos","status":"publish","type":"page","link":"https:\/\/batatadoce.pt\/wp\/?page_id=72","title":{"rendered":"Quem somos"},"content":{"rendered":"<p style=\"text-align: justify;\"><img loading=\"lazy\" decoding=\"async\" class=\" wp-image-219 aligncenter\" src=\"https:\/\/batatadoce.pt\/wp\/wp-content\/uploads\/2015\/08\/img003-207x300.jpg\" alt=\"\" width=\"243\" height=\"352\" srcset=\"https:\/\/batatadoce.pt\/wp\/wp-content\/uploads\/2015\/08\/img003-207x300.jpg 207w, https:\/\/batatadoce.pt\/wp\/wp-content\/uploads\/2015\/08\/img003-768x1112.jpg 768w, https:\/\/batatadoce.pt\/wp\/wp-content\/uploads\/2015\/08\/img003-707x1024.jpg 707w, https:\/\/batatadoce.pt\/wp\/wp-content\/uploads\/2015\/08\/img003.jpg 1193w\" sizes=\"auto, (max-width: 243px) 100vw, 243px\" \/><\/p>\n<p align=\"CENTER\"><span style=\"font-family: Arial, sans-serif;\"><span style=\"font-size: large;\">A Primeira Batata-doce Biol\u00f3gica da Regi\u00e3o Oeste de Portugal<\/span><\/span><\/p>\n<p style=\"text-align: justify;\">Com sede na Regi\u00e3o do Vimeiro, Oeste de Portugal, a \u201cbatatadoce.pt\u201d \u00e9 um projeto pioneiro que surge no seio da fam\u00edlia \u201cMoreira e Policarpo\u201d, que depois de v\u00e1rias d\u00e9cadas dedicadas ao cultivo da Batata-doce convencional, iniciou em 2015 a sua produ\u00e7\u00e3o em modo biol\u00f3gico.<br \/>\nNesta terceira campanha, foi cultivado quatro hectare de batata-doce da variedade \u201cLira\u201d e esta transformou-se logo em sinonimo de qualidade e sabor. As excelentes condi\u00e7\u00f5es de armazenamento, possibilitam que o produto colhido neste ano, estivesse dispon\u00edvel para o fornecimento at\u00e9 Junho de 2018. As boas condi\u00e7\u00f5es de entrega e divulga\u00e7\u00e3o possibilitaram um bom escoamento para o mercado da regi\u00e3o de Lisboa, Oeste e Margem Sul de Tejo.<br \/>\nAgora, em 2017, a terceira campanha arranca com 16 hectares de produ\u00e7\u00e3o Biol\u00f3gica, sempre com os mesmos cuidados tradicionais da fam\u00edlia \u201cMoreira e Policarpo\u201d. Al\u00e9m da variedade \u201cLira\u201d, teremos tamb\u00e9m a batata-doce \u201cLaranja\u201d muito apreciada pelos consumidores dos produtos biol\u00f3gicos.<br \/>\nEsta certifica\u00e7\u00e3o \u00e9 a confirma\u00e7\u00e3o da qualidade e tradi\u00e7\u00e3o de uma semente, que atravessou gera\u00e7\u00f5es sempre com o sabor e a consist\u00eancia da verdadeira variedade \u201cPortuguesa\u201d.<\/p>\n<h3>Certifica\u00e7\u00e3o Biol\u00f3gica:<\/h3>\n<p style=\"text-align: justify;\">A certifica\u00e7\u00e3o dos nossos produtos biol\u00f3gicos \u00e9 assegurada pela CERTIPLANET (<a href=\"http:\/\/www.certiplanet.pt\/\" target=\"_blank\" rel=\"noopener noreferrer\">www.certiplanet.pt<\/a>), organismo que \u00e9 reconhecido e acreditado para o controlo e certifica\u00e7\u00e3o da produ\u00e7\u00e3o biol\u00f3gica, ao n\u00edvel nacional, contando com alguns dos pioneiros dessa atividade em Portugal.<\/p>\n<p style=\"text-align: justify;\">A CERTIPLANET tem tamb\u00e9m uma participa\u00e7\u00e3o ativa na rede de organiza\u00e7\u00f5es ligadas \u00e0 produ\u00e7\u00e3o e certifica\u00e7\u00e3o biol\u00f3gica ao n\u00edvel internacional, sendo membro ativo da associa\u00e7\u00e3o CERTIBIONET (<a href=\"http:\/\/www.certibionet.org\/\" target=\"_blank\" rel=\"noopener noreferrer\">www.certibionet.org<\/a> \u2013 associa\u00e7\u00e3o internacional de organismos de certifica\u00e7\u00e3o da agricultura biol\u00f3gica) e da IFOAM (<a href=\"http:\/\/www.ifoam.org\/\" target=\"_blank\" rel=\"noopener noreferrer\">www.ifoam.org<\/a> \u2013 federa\u00e7\u00e3o internacional dos movimentos de agricultura biol\u00f3gica).<\/p>\n<p style=\"text-align: justify;\">Al\u00e9m disso, \u00e9 membro coletivo da APQ (associa\u00e7\u00e3o portuguesa da qualidade), tendo em conta que a sua atividade assenta em crit\u00e9rios e procedimentos ligados \u00e0 qualidade.<\/p>\n","protected":false},"excerpt":{"rendered":"<p>A Primeira Batata-doce Biol\u00f3gica da Regi\u00e3o Oeste de Portugal Com sede na Regi\u00e3o do Vimeiro, Oeste de Portugal, a \u201cbatatadoce.pt\u201d \u00e9 um projeto pioneiro que surge no seio da fam\u00edlia \u201cMoreira e Policarpo\u201d, que depois de v\u00e1rias d\u00e9cadas dedicadas ao cultivo da Batata-doce convencional, iniciou em 2015 a sua produ\u00e7\u00e3o em modo biol\u00f3gico. Nesta terceira [&hellip;]<\/p>\n","protected":false},"author":2,"featured_media":0,"parent":47,"menu_order":1,"comment_status":"closed","ping_status":"closed","template":"","meta":{"footnotes":""},"class_list":["post-72","page","type-page","status-publish","hentry"],"_links":{"self":[{"href":"https:\/\/batatadoce.pt\/wp\/index.php?rest_route=\/wp\/v2\/pages\/72","targetHints":{"allow":["GET"]}}],"collection":[{"href":"https:\/\/batatadoce.pt\/wp\/index.php?rest_route=\/wp\/v2\/pages"}],"about":[{"href":"https:\/\/batatadoce.pt\/wp\/index.php?rest_route=\/wp\/v2\/types\/page"}],"author":[{"embeddable":true,"href":"https:\/\/batatadoce.pt\/wp\/index.php?rest_route=\/wp\/v2\/users\/2"}],"replies":[{"embeddable":true,"href":"https:\/\/batatadoce.pt\/wp\/index.php?rest_route=%2Fwp%2Fv2%2Fcomments&post=72"}],"version-history":[{"count":4,"href":"https:\/\/batatadoce.pt\/wp\/index.php?rest_route=\/wp\/v2\/pages\/72\/revisions"}],"predecessor-version":[{"id":221,"href":"https:\/\/batatadoce.pt\/wp\/index.php?rest_route=\/wp\/v2\/pages\/72\/revisions\/221"}],"up":[{"embeddable":true,"href":"https:\/\/batatadoce.pt\/wp\/index.php?rest_route=\/wp\/v2\/pages\/47"}],"wp:attachment":[{"href":"https:\/\/batatadoce.pt\/wp\/index.php?rest_route=%2Fwp%2Fv2%2Fmedia&parent=72"}],"curies":[{"name":"wp","href":"https:\/\/api.w.org\/{rel}","templated":true}]}}