{"id":10,"date":"2015-08-18T14:11:54","date_gmt":"2015-08-18T14:11:54","guid":{"rendered":"http:\/\/www.batatadoce.pt\/?page_id=8"},"modified":"2017-03-20T10:11:30","modified_gmt":"2017-03-20T10:11:30","slug":"onde-estamos","status":"publish","type":"page","link":"https:\/\/batatadoce.pt\/wp\/?page_id=10","title":{"rendered":"Onde estamos"},"content":{"rendered":"<p><img loading=\"lazy\" decoding=\"async\" class=\"aligncenter wp-image-110 size-full\" src=\"http:\/\/batatadoce.pt\/wp\/wp-content\/uploads\/2016\/02\/Biol\u00f3gicos-Entregas.jpg\" alt=\"Biol\u00f3gicos Entregas\" width=\"940\" height=\"540\" \/><\/p>\n<script type=\"text\/javascript\"> jQuery(document).ready(function() { jQuery(\"#ffs-tabbed-1\").easyResponsiveTabs({     type: \t\"default\",     width:  \"100%\",     fit: \t false}); var cont_width = jQuery(\"#ffs-tabbed-1.resp-vtabs\").outerWidth() - jQuery(\"#ffs-tabbed-1.resp-vtabs .resp-tabs-list\").outerWidth() - 3;jQuery(\"#ffs-tabbed-1.resp-vtabs .resp-tabs-container\").css({\"width\":cont_width});}); <\/script><style type=\"text\/css\">\n#ffs-tabbed-1 li.resp-tab-active,\n#ffs-tabbed-1.resp-tabs-list li:hover{border-top-color:#71AFFF; border-bottom-color:#71AFFF;}\n#ffs-tabbed-1.resp-vtabs li.resp-tab-active,\n#ffs-tabbed-1.resp-vtabs .resp-tabs-list li:hover{border-left-color:#71AFFF; border-top-color:#C1C1C1; border-right-color:#71AFFF;  border-bottom-color:#C1C1C1;}\n<\/style><div id=\"ffs-tabbed-1\" class=\"ffs-tabbed-nav\"><ul class=\"resp-tabs-list\"><li>Mercado Agrobio do Campo Pequeno<\/li><li>Mercado Agrobio de Oeiras<\/li><li>Mercado Agrobio de \u00a0Alg\u00e9s e Loures<\/li><\/ul><div class=\"resp-tabs-container\">\n<div class=\"fruitful_tab tab-mercado-agrobio-do-campo-pequeno\"> Banca da Anabela Seabra e na Banca Bee Organic &#8211;\u00a0\u00a0Jardim do Campo Pequeno, Lisboa &#8211; S\u00e1bados, das 9h \u00e0s 14h <\/div>\n<div class=\"fruitful_tab tab-mercado-agrobio-de-oeiras\"> Banca da Anabela Seabra &#8211; Jardim de Oeiras &#8211;\u00a0S\u00e1bados, das 9h \u00e0s 14h\u00a0<\/div>\n<div class=\"fruitful_tab tab-mercado-agrobio-de-alges-e-loures\"> Banca Bee Organic , S\u00e1bados, das 9h \u00e0s 14h <\/div>\n<\/div><\/div><div class=\"clearfix\"><\/div>\n<script type=\"text\/javascript\"> jQuery(document).ready(function() { jQuery(\"#ffs-tabbed-2\").easyResponsiveTabs({     type: \t\"default\",     width:  \"100%\",     fit: \t false}); var cont_width = jQuery(\"#ffs-tabbed-2.resp-vtabs\").outerWidth() - jQuery(\"#ffs-tabbed-2.resp-vtabs .resp-tabs-list\").outerWidth() - 3;jQuery(\"#ffs-tabbed-2.resp-vtabs .resp-tabs-container\").css({\"width\":cont_width});}); <\/script><style type=\"text\/css\">\n#ffs-tabbed-2 li.resp-tab-active,\n#ffs-tabbed-2.resp-tabs-list li:hover{border-top-color:#71AFFF; border-bottom-color:#71AFFF;}\n#ffs-tabbed-2.resp-vtabs li.resp-tab-active,\n#ffs-tabbed-2.resp-vtabs .resp-tabs-list li:hover{border-left-color:#71AFFF; border-top-color:#C1C1C1; border-right-color:#71AFFF;  border-bottom-color:#C1C1C1;}\n<\/style><div id=\"ffs-tabbed-2\" class=\"ffs-tabbed-nav\"><ul class=\"resp-tabs-list\"><li>Mercado Biol\u00f3gico do Pr\u00edncipe Real<\/li><\/ul><div class=\"resp-tabs-container\">\n<div class=\"fruitful_tab tab-mercado-biologico-do-principe-real\"> Banca da Anabela Seabra e na Banca Bee Organic &#8211;\u00a0Pra\u00e7a do Pr\u00edncipe Real e na Banca Bee Organic , Lisboa &#8211; S\u00e1bados, das 9h \u00e0s 14h <\/div>\n<\/div><\/div><div class=\"clearfix\"><\/div>\n<script type=\"text\/javascript\"> jQuery(document).ready(function() { jQuery(\"#ffs-tabbed-3\").easyResponsiveTabs({     type: \t\"default\",     width:  \"100%\",     fit: \t false}); var cont_width = jQuery(\"#ffs-tabbed-3.resp-vtabs\").outerWidth() - jQuery(\"#ffs-tabbed-3.resp-vtabs .resp-tabs-list\").outerWidth() - 3;jQuery(\"#ffs-tabbed-3.resp-vtabs .resp-tabs-container\").css({\"width\":cont_width});}); <\/script><style type=\"text\/css\">\n#ffs-tabbed-3 li.resp-tab-active,\n#ffs-tabbed-3.resp-tabs-list li:hover{border-top-color:#71AFFF; border-bottom-color:#71AFFF;}\n#ffs-tabbed-3.resp-vtabs li.resp-tab-active,\n#ffs-tabbed-3.resp-vtabs .resp-tabs-list li:hover{border-left-color:#71AFFF; border-top-color:#C1C1C1; border-right-color:#71AFFF;  border-bottom-color:#C1C1C1;}\n<\/style><div id=\"ffs-tabbed-3\" class=\"ffs-tabbed-nav\"><ul class=\"resp-tabs-list\"><li>AMOR BIO<\/li><li>Biol\u00f3gicos da Rainha<\/li><\/ul><div class=\"resp-tabs-container\">\n<div class=\"fruitful_tab tab-amor-bio\"> Pra\u00e7a de Alvalade n\u00ba 9a, Lisboa\u00a0<\/div>\n<div class=\"fruitful_tab tab-biologicos-da-rainha\"> Rua Di\u00e1rio de Noticias 13, Caldas da Rainha\u00a0<\/div>\n<\/div><\/div><div class=\"clearfix\"><\/div>\n<script type=\"text\/javascript\"> jQuery(document).ready(function() { jQuery(\"#ffs-tabbed-4\").easyResponsiveTabs({     type: \t\"default\",     width:  \"100%\",     fit: \t false}); var cont_width = jQuery(\"#ffs-tabbed-4.resp-vtabs\").outerWidth() - jQuery(\"#ffs-tabbed-4.resp-vtabs .resp-tabs-list\").outerWidth() - 3;jQuery(\"#ffs-tabbed-4.resp-vtabs .resp-tabs-container\").css({\"width\":cont_width});}); <\/script><style type=\"text\/css\">\n#ffs-tabbed-4 li.resp-tab-active,\n#ffs-tabbed-4.resp-tabs-list li:hover{border-top-color:#71AFFF; border-bottom-color:#71AFFF;}\n#ffs-tabbed-4.resp-vtabs li.resp-tab-active,\n#ffs-tabbed-4.resp-vtabs .resp-tabs-list li:hover{border-left-color:#71AFFF; border-top-color:#C1C1C1; border-right-color:#71AFFF;  border-bottom-color:#C1C1C1;}\n<\/style><div id=\"ffs-tabbed-4\" class=\"ffs-tabbed-nav\"><ul class=\"resp-tabs-list\"><li>Porta-a-porta<\/li><\/ul><div class=\"resp-tabs-container\">\n<div class=\"fruitful_tab tab-porta-a-porta\"> Fazemos entregas semanais porta-a-porta\u00a0<\/div>\n<\/div><\/div><div class=\"clearfix\"><\/div>\n","protected":false},"excerpt":{"rendered":"","protected":false},"author":2,"featured_media":0,"parent":0,"menu_order":0,"comment_status":"open","ping_status":"open","template":"","meta":{"footnotes":""},"class_list":["post-10","page","type-page","status-publish","hentry"],"_links":{"self":[{"href":"https:\/\/batatadoce.pt\/wp\/index.php?rest_route=\/wp\/v2\/pages\/10","targetHints":{"allow":["GET"]}}],"collection":[{"href":"https:\/\/batatadoce.pt\/wp\/index.php?rest_route=\/wp\/v2\/pages"}],"about":[{"href":"https:\/\/batatadoce.pt\/wp\/index.php?rest_route=\/wp\/v2\/types\/page"}],"author":[{"embeddable":true,"href":"https:\/\/batatadoce.pt\/wp\/index.php?rest_route=\/wp\/v2\/users\/2"}],"replies":[{"embeddable":true,"href":"https:\/\/batatadoce.pt\/wp\/index.php?rest_route=%2Fwp%2Fv2%2Fcomments&post=10"}],"version-history":[{"count":2,"href":"https:\/\/batatadoce.pt\/wp\/index.php?rest_route=\/wp\/v2\/pages\/10\/revisions"}],"predecessor-version":[{"id":203,"href":"https:\/\/batatadoce.pt\/wp\/index.php?rest_route=\/wp\/v2\/pages\/10\/revisions\/203"}],"wp:attachment":[{"href":"https:\/\/batatadoce.pt\/wp\/index.php?rest_route=%2Fwp%2Fv2%2Fmedia&parent=10"}],"curies":[{"name":"wp","href":"https:\/\/api.w.org\/{rel}","templated":true}]}}